{"id":39,"date":"2023-09-30T08:23:45","date_gmt":"2023-09-30T06:23:45","guid":{"rendered":"https:\/\/xn--maitreya-synthse-des-enseignements-o8c.com\/?page_id=39"},"modified":"2026-04-08T19:24:18","modified_gmt":"2026-04-08T17:24:18","slug":"maitreya-enseignements","status":"publish","type":"page","link":"https:\/\/xn--maitreya-synthse-des-enseignements-o8c.com\/","title":{"rendered":"Maitreya enseignements"},"content":{"rendered":"<p>[et_pb_section fb_built=\u00a0\u00bb1&Prime; _builder_version=\u00a0\u00bb4.27.0&Prime; _module_preset=\u00a0\u00bbdefault\u00a0\u00bb background_color=\u00a0\u00bbrgba(224,195,192,0.68)\u00a0\u00bb background_enable_image=\u00a0\u00bboff\u00a0\u00bb global_colors_info=\u00a0\u00bb{}\u00a0\u00bb][et_pb_row _builder_version=\u00a0\u00bb4.27.0&Prime; _module_preset=\u00a0\u00bbdefault\u00a0\u00bb background_image=\u00a0\u00bbhttps:\/\/xn--maitreya-synthse-des-enseignements-o8c.com\/wp-content\/uploads\/2026\/01\/copie-orchidee-2-1.jpg\u00a0\u00bb global_colors_info=\u00a0\u00bb{}\u00a0\u00bb][et_pb_column type=\u00a0\u00bb4_4&Prime; _builder_version=\u00a0\u00bb4.27.0&Prime; _module_preset=\u00a0\u00bbdefault\u00a0\u00bb global_colors_info=\u00a0\u00bb{}\u00a0\u00bb][et_pb_text _builder_version=\u00a0\u00bb4.27.0&Prime; _module_preset=\u00a0\u00bbdefault\u00a0\u00bb text_text_color=\u00a0\u00bb#000000&Prime; text_font_size=\u00a0\u00bb58px\u00a0\u00bb global_colors_info=\u00a0\u00bb{}\u00a0\u00bb]<\/p>\n<p style=\"text-align: center;\">Maitreya<\/p>\n<p>[\/et_pb_text][et_pb_text _builder_version=\u00a0\u00bb4.27.0&Prime; _module_preset=\u00a0\u00bbdefault\u00a0\u00bb text_font=\u00a0\u00bb||||||||\u00a0\u00bb text_text_color=\u00a0\u00bbrgba(0,0,0,0.73)\u00a0\u00bb text_font_size=\u00a0\u00bb22px\u00a0\u00bb text_orientation=\u00a0\u00bbcenter\u00a0\u00bb global_colors_info=\u00a0\u00bb{}\u00a0\u00bb]<\/p>\n<p><em>Je suis venu enseigner l&rsquo;Art de la r\u00e9alisation du Soi<\/em><\/p>\n<p>[\/et_pb_text][et_pb_text _builder_version=\u00a0\u00bb4.27.0&Prime; _module_preset=\u00a0\u00bbdefault\u00a0\u00bb text_text_color=\u00a0\u00bbrgba(0,0,0,0.95)\u00a0\u00bb text_font_size=\u00a0\u00bb15px\u00a0\u00bb global_colors_info=\u00a0\u00bb{}\u00a0\u00bb]<\/p>\n<p style=\"text-align: center;\"><em>Il ne s&rsquo;agit ni d&rsquo;une id\u00e9ologie ni d&rsquo;une religion, j&rsquo;appartiens \u00e0 tous<\/em><\/p>\n<p>[\/et_pb_text][\/et_pb_column][\/et_pb_row][\/et_pb_section][et_pb_section fb_built=\u00a0\u00bb1&Prime; _builder_version=\u00a0\u00bb4.27.0&Prime; _module_preset=\u00a0\u00bbdefault\u00a0\u00bb custom_padding=\u00a0\u00bb17px||0px|||\u00a0\u00bb global_colors_info=\u00a0\u00bb{}\u00a0\u00bb][et_pb_row _builder_version=\u00a0\u00bb4.27.0&Prime; _module_preset=\u00a0\u00bbdefault\u00a0\u00bb global_colors_info=\u00a0\u00bb{}\u00a0\u00bb][et_pb_column type=\u00a0\u00bb4_4&Prime; _builder_version=\u00a0\u00bb4.27.0&Prime; _module_preset=\u00a0\u00bbdefault\u00a0\u00bb global_colors_info=\u00a0\u00bb{}\u00a0\u00bb][et_pb_text _builder_version=\u00a0\u00bb4.27.0&Prime; _module_preset=\u00a0\u00bbdefault\u00a0\u00bb text_text_color=\u00a0\u00bb#e0b862&Prime; text_font_size=\u00a0\u00bb17px\u00a0\u00bb background_image=\u00a0\u00bbhttps:\/\/xn--maitreya-synthse-des-enseignements-o8c.com\/wp-content\/uploads\/2026\/01\/image-etoiles.png\u00a0\u00bb width=\u00a0\u00bb99.3%\u00a0\u00bb custom_padding=\u00a0\u00bb|||13px||\u00a0\u00bb global_colors_info=\u00a0\u00bb{}\u00a0\u00bb]<\/p>\n<p><strong><\/strong><\/p>\n<p style=\"text-align: center;\"><strong>Un enseignement \u00e0 deux niveaux. <\/strong><\/p>\n<p>L\u2019enseignement de Maitreya est \u00e0 deux niveaux, le premier concerne notre relation avec le Soi, avec Dieu et le deuxi\u00e8me concerne <em>la nature physique de l\u2019homme, les n\u00e9cessit\u00e9s de la vie<\/em>, pour Maitreya, ces deux niveaux sont indissociables.<\/p>\n<p>&nbsp;<\/p>\n<p>[\/et_pb_text][\/et_pb_column][\/et_pb_row][et_pb_row _builder_version=\u00a0\u00bb4.27.0&Prime; _module_preset=\u00a0\u00bbdefault\u00a0\u00bb global_colors_info=\u00a0\u00bb{}\u00a0\u00bb][et_pb_column type=\u00a0\u00bb4_4&Prime; _builder_version=\u00a0\u00bb4.27.0&Prime; _module_preset=\u00a0\u00bbdefault\u00a0\u00bb global_colors_info=\u00a0\u00bb{}\u00a0\u00bb][et_pb_audio audio=\u00a0\u00bbhttps:\/\/xn--maitreya-synthse-des-enseignements-o8c.com\/wp-content\/uploads\/2026\/03\/message-N\u00b01.mp3&Prime; title=\u00a0\u00bbmessage N\u00b01 de Maitreya\u00a0\u00bb artist_name=\u00a0\u00bb Olivier\u00a0\u00bb _builder_version=\u00a0\u00bb4.27.0&Prime; _module_preset=\u00a0\u00bbdefault\u00a0\u00bb custom_padding=\u00a0\u00bb21px||16px|||\u00a0\u00bb global_colors_info=\u00a0\u00bb{}\u00a0\u00bb][\/et_pb_audio][et_pb_text _builder_version=\u00a0\u00bb4.27.0&Prime; _module_preset=\u00a0\u00bbdefault\u00a0\u00bb text_text_color=\u00a0\u00bb#8300E9&Prime; text_font_size=\u00a0\u00bb18px\u00a0\u00bb global_colors_info=\u00a0\u00bb{}\u00a0\u00bb]<\/p>\n<p style=\"text-align: center;\"><a href=\"https:\/\/maitreya-synth\u00e8se-des-enseignements.com\/index.php\/2026\/03\/06\/commentaire-message-1\/\">English text<\/a><\/p>\n<p>[\/et_pb_text][\/et_pb_column][\/et_pb_row][et_pb_row _builder_version=\u00a0\u00bb4.27.0&Prime; _module_preset=\u00a0\u00bbdefault\u00a0\u00bb min_height=\u00a0\u00bb100px\u00a0\u00bb height=\u00a0\u00bb220px\u00a0\u00bb custom_margin=\u00a0\u00bb|auto|2px|auto||\u00a0\u00bb custom_padding=\u00a0\u00bb||0px|||\u00a0\u00bb global_colors_info=\u00a0\u00bb{}\u00a0\u00bb][et_pb_column type=\u00a0\u00bb4_4&Prime; _builder_version=\u00a0\u00bb4.27.0&Prime; _module_preset=\u00a0\u00bbdefault\u00a0\u00bb global_colors_info=\u00a0\u00bb{}\u00a0\u00bb][et_pb_audio audio=\u00a0\u00bbhttps:\/\/xn--maitreya-synthse-des-enseignements-o8c.com\/wp-content\/uploads\/2026\/04\/sentier-initiation.mp3&Prime; title=\u00a0\u00bbLe sentier de l&rsquo;Initiation\u00a0\u00bb artist_name=\u00a0\u00bbOlivier\u00a0\u00bb _builder_version=\u00a0\u00bb4.27.0&Prime; _module_preset=\u00a0\u00bbdefault\u00a0\u00bb min_height=\u00a0\u00bb100px\u00a0\u00bb height=\u00a0\u00bb154px\u00a0\u00bb custom_margin=\u00a0\u00bb||-11px|||\u00a0\u00bb custom_padding=\u00a0\u00bb16px||26px|||\u00a0\u00bb global_colors_info=\u00a0\u00bb{}\u00a0\u00bb][\/et_pb_audio][et_pb_text _builder_version=\u00a0\u00bb4.27.0&Prime; _module_preset=\u00a0\u00bbdefault\u00a0\u00bb text_text_color=\u00a0\u00bb#060766&Prime; custom_margin=\u00a0\u00bb||29px|||\u00a0\u00bb hover_enabled=\u00a0\u00bb0&Prime; global_colors_info=\u00a0\u00bb{}\u00a0\u00bb sticky_enabled=\u00a0\u00bb0&Prime;]<\/p>\n<p>&nbsp;<\/p>\n<p><strong>Le sentier de l\u2019Initiation<\/strong><\/p>\n<p><em>Le mot \u00ab\u00a0Initiation\u00a0\u00bb indique, dans son sens le plus large comme dans le cas que nous \u00e9tudions, <strong>une entr\u00e9e dans la vie spirituelle<\/strong>, ou dans une nouvelle \u00e9tape de cette vie. C&rsquo;est le premier pas (\u2026) sur le Sentier de Saintet\u00e9 (<\/em>ou Sentier de l\u2019Initiation)<em>. Ainsi donc, litt\u00e9ralement, un homme qui a re\u00e7u <strong>la premi\u00e8re initiation<\/strong> est celui qui a fait son entr\u00e9e <strong>dans le r\u00e8gne spirituel. <\/strong><\/em><a href=\"https:\/\/maitreya-synth\u00e8se-des-enseignements.com\/index.php\/2026\/04\/08\/le-sentier-de-linitiation\/\">Lire la suite<\/a><\/p>\n<p>[\/et_pb_text][\/et_pb_column][\/et_pb_row][et_pb_row column_structure=\u00a0\u00bb1_3,1_3,1_3&Prime; _builder_version=\u00a0\u00bb4.27.0&Prime; _module_preset=\u00a0\u00bbdefault\u00a0\u00bb custom_padding=\u00a0\u00bb||0px|||\u00a0\u00bb global_colors_info=\u00a0\u00bb{}\u00a0\u00bb][et_pb_column type=\u00a0\u00bb1_3&Prime; _builder_version=\u00a0\u00bb4.27.0&Prime; _module_preset=\u00a0\u00bbdefault\u00a0\u00bb global_colors_info=\u00a0\u00bb{}\u00a0\u00bb][et_pb_text _builder_version=\u00a0\u00bb4.27.0&Prime; _module_preset=\u00a0\u00bbdefault\u00a0\u00bb text_text_color=\u00a0\u00bb#03094c\u00a0\u00bb custom_padding=\u00a0\u00bb|||12px||\u00a0\u00bb global_colors_info=\u00a0\u00bb{}\u00a0\u00bb]<\/p>\n<p>&nbsp;<\/p>\n<p style=\"text-align: center;\"><strong>L&rsquo;\u00e9mergence de Maitreya<\/strong><\/p>\n<p><em>Le 19 juillet 1977, <strong>Maitreya le Christ<\/strong>, l&rsquo;Instructeur mondial et chef de notre Hi\u00e9rarchie spirituelle, a quitt\u00e9 sa retraite de jadis pour revenir dans le monde moderne. Avec ses disciples, les<\/em><br \/><em>Ma\u00eetres de Sagesse, il inaugurera sur terre le Nouvel Age de synth\u00e8se et de fraternit\u00e9. <\/em><\/p>\n<p>Benjamin Creme<\/p>\n<p>[\/et_pb_text][et_pb_text _builder_version=\u00a0\u00bb4.27.0&Prime; _module_preset=\u00a0\u00bbdefault\u00a0\u00bb custom_margin=\u00a0\u00bb||3px|||\u00a0\u00bb global_colors_info=\u00a0\u00bb{}\u00a0\u00bb]<\/p>\n<p><strong>Pour en savoir plus<\/strong>: <a href=\"https:\/\/partageinternational.org\/\">https:\/\/partageinternational.org\/<\/a><\/p>\n<p>&nbsp;<\/p>\n<p>[\/et_pb_text][et_pb_text _builder_version=\u00a0\u00bb4.27.0&Prime; _module_preset=\u00a0\u00bbdefault\u00a0\u00bb text_text_color=\u00a0\u00bb#0f0072&Prime; text_font_size=\u00a0\u00bb16px\u00a0\u00bb global_colors_info=\u00a0\u00bb{}\u00a0\u00bb]<\/p>\n<p><strong>Depuis F\u00e9vrier 2026 la revue Partage International est acc\u00e9ssible en version num\u00e9rique gratuitement:<\/strong><\/p>\n<p>\u00a0 \u00a0<a href=\"https:\/\/partageinternational.org\/bpi_numeros\/449\/\">N\u00b0449\/450 F\u00e9vrier 2026 lire<\/a><\/p>\n<p>[\/et_pb_text][et_pb_image src=\u00a0\u00bbhttps:\/\/xn--maitreya-synthse-des-enseignements-o8c.com\/wp-content\/uploads\/2026\/03\/partage-international-couv.png\u00a0\u00bb title_text=\u00a0\u00bbpartage international couv\u00a0\u00bb align=\u00a0\u00bbcenter\u00a0\u00bb _builder_version=\u00a0\u00bb4.27.0&Prime; _module_preset=\u00a0\u00bbdefault\u00a0\u00bb global_colors_info=\u00a0\u00bb{}\u00a0\u00bb][\/et_pb_image][\/et_pb_column][et_pb_column type=\u00a0\u00bb1_3&Prime; _builder_version=\u00a0\u00bb4.27.0&Prime; _module_preset=\u00a0\u00bbdefault\u00a0\u00bb global_colors_info=\u00a0\u00bb{}\u00a0\u00bb][et_pb_text _builder_version=\u00a0\u00bb4.27.0&Prime; _module_preset=\u00a0\u00bbdefault\u00a0\u00bb text_font_size=\u00a0\u00bb30px\u00a0\u00bb global_colors_info=\u00a0\u00bb{}\u00a0\u00bb]<\/p>\n<p style=\"text-align: center;\">Agir<\/p>\n<p>[\/et_pb_text][et_pb_text _builder_version=\u00a0\u00bb4.27.0&Prime; _module_preset=\u00a0\u00bbdefault\u00a0\u00bb text_text_color=\u00a0\u00bb#060244&Prime; custom_margin=\u00a0\u00bb||36px|||\u00a0\u00bb custom_padding=\u00a0\u00bb|||8px||\u00a0\u00bb global_colors_info=\u00a0\u00bb{}\u00a0\u00bb]<\/p>\n<p><strong>Une autre \u00e9conomie est possible<\/strong><\/p>\n<p>La th\u00e9orie du Donut: <em>Au c\u0153ur du donut, se retrouvent des personnes dont leurs besoins vitaux essentiels ne sont pas assur\u00e9s. L\u2019autrice d\u00e9finit ainsi <strong>12 besoins de bases dont personne ne devrait manquer<\/strong>\u00a0 <a href=\"https:\/\/maitreya-synth\u00e8se-des-enseignements.com\/index.php\/2026\/03\/31\/pour-une-autre-economie\/\">Lire<\/a><\/em><\/p>\n<p>[\/et_pb_text][et_pb_text _builder_version=\u00a0\u00bb4.27.0&Prime; _module_preset=\u00a0\u00bbdefault\u00a0\u00bb text_text_color=\u00a0\u00bb#110068&Prime; text_font_size=\u00a0\u00bb29px\u00a0\u00bb custom_margin=\u00a0\u00bb||20px|||\u00a0\u00bb animation_style=\u00a0\u00bbbounce\u00a0\u00bb global_colors_info=\u00a0\u00bb{}\u00a0\u00bb]<\/p>\n<p style=\"text-align: center;\">Partage International<\/p>\n<p>[\/et_pb_text][et_pb_text _builder_version=\u00a0\u00bb4.27.0&Prime; _module_preset=\u00a0\u00bbdefault\u00a0\u00bb text_text_color=\u00a0\u00bb#0e0777&Prime; global_colors_info=\u00a0\u00bb{}\u00a0\u00bb]<\/p>\n<p><em>Depuis sa cr\u00e9ation, la revue <strong>Partage International<\/strong> suit un mot d\u2019ordre large et inclusif :\u00ab\u00a0r\u00e9unir deux grands courants de la pens\u00e9e contemporaine, le politique et le spirituel. Il s\u2019agit de mettre en lumi\u00e8re la synth\u00e8se qui sous-tend les changements politiques, sociaux, \u00e9conomiques et spirituels qui s\u2019op\u00e8rent actuellement \u00e0 l\u2019\u00e9chelle mondiale, et d\u2019encourager des actions concr\u00e8tes pour reconstruire notre monde selon des principes plus justes et plus humains\u00a0\u00bb. C\u2019est dans cette synth\u00e8se que r\u00e9side la d\u00e9finition de la spiritualit\u00e9, notre unit\u00e9 essentielle reconnue dans tous les aspects de la vie, et concr\u00e9tis\u00e9e dans toutes nos structures. Pour cr\u00e9er la soci\u00e9t\u00e9 mondiale que la plupart des gens esp\u00e8rent et d\u00e9sirent, \u00ab\u00a0nous devrons op\u00e9rer un changement de conscience afin d\u2019inclure chaque aspect de notre \u00eatre dans notre d\u00e9finition du spirituel\u00a0\u00bb, \u00e9crivait Benjamin Creme.<\/em><\/p>\n<p>[\/et_pb_text][\/et_pb_column][et_pb_column type=\u00a0\u00bb1_3&Prime; _builder_version=\u00a0\u00bb4.27.0&Prime; _module_preset=\u00a0\u00bbdefault\u00a0\u00bb global_colors_info=\u00a0\u00bb{}\u00a0\u00bb][et_pb_text _builder_version=\u00a0\u00bb4.27.0&Prime; _module_preset=\u00a0\u00bbdefault\u00a0\u00bb text_text_color=\u00a0\u00bb#07097a\u00a0\u00bb text_font_size=\u00a0\u00bb21px\u00a0\u00bb text_orientation=\u00a0\u00bbcenter\u00a0\u00bb custom_margin=\u00a0\u00bb||6px|||\u00a0\u00bb global_colors_info=\u00a0\u00bb{}\u00a0\u00bb]<\/p>\n<p>Articles<\/p>\n<p>[\/et_pb_text][et_pb_text _builder_version=\u00a0\u00bb4.27.0&Prime; _module_preset=\u00a0\u00bbdefault\u00a0\u00bb text_text_color=\u00a0\u00bbrgba(14,15,102,0.91)\u00a0\u00bb text_font_size=\u00a0\u00bb15px\u00a0\u00bb custom_margin=\u00a0\u00bb||12px|||\u00a0\u00bb global_colors_info=\u00a0\u00bb{}\u00a0\u00bb]<\/p>\n<p><strong>De l&rsquo;\u00e8re des Poissons \u00e0 l&rsquo;\u00e8re du Verseau<\/strong><\/p>\n<p>[\/et_pb_text][et_pb_text _builder_version=\u00a0\u00bb4.27.0&Prime; _module_preset=\u00a0\u00bbdefault\u00a0\u00bb text_text_color=\u00a0\u00bb#020049&Prime; global_colors_info=\u00a0\u00bb{}\u00a0\u00bb]<\/p>\n<p><em>L\u2019\u00e8re du Verseau sera domin\u00e9e par l&rsquo;interd\u00e9pendance de groupe, l&rsquo;id\u00e9alisme de groupe, la conscience de groupe <a href=\"https:\/\/maitreya-synth\u00e8se-des-enseignements.com\/index.php\/2026\/02\/02\/de-lere-des-poissons-a-lere-du-verseau\/\">lire la suite<\/a><\/em><\/p>\n<p>[\/et_pb_text][et_pb_text _builder_version=\u00a0\u00bb4.27.0&Prime; _module_preset=\u00a0\u00bbdefault\u00a0\u00bb text_text_color=\u00a0\u00bb#110060&Prime; custom_margin=\u00a0\u00bb||16px|||\u00a0\u00bb global_colors_info=\u00a0\u00bb{}\u00a0\u00bb]<\/p>\n<p><strong>Concr\u00e9tiser nos id\u00e9aux<\/strong><\/p>\n<p>Nous devons concr\u00e9tiser les id\u00e9aux de l\u2019<strong>\u00e8re des Poissons<\/strong>, leur donner une forme, pour qu\u2019ils puissent s\u2019ext\u00e9rioriser dans notre monde. Maitreya, par sa pr\u00e9sence physique dans notre monde au d\u00e9but de cette nouvelle \u00e8re, nous invite \u00e0 r\u00e9aliser cela, en nous incitant \u00e0 <strong>partager<\/strong> les ressources. <a href=\"https:\/\/maitreya-synth\u00e8se-des-enseignements.com\/index.php\/2026\/02\/24\/concretiser-nos-ideaux\/\">suite<\/a><\/p>\n<p>[\/et_pb_text][et_pb_text _builder_version=\u00a0\u00bb4.27.0&Prime; _module_preset=\u00a0\u00bbdefault\u00a0\u00bb text_text_color=\u00a0\u00bb#00095e\u00a0\u00bb custom_margin=\u00a0\u00bb||9px|||\u00a0\u00bb global_colors_info=\u00a0\u00bb{}\u00a0\u00bb]<\/p>\n<p><strong>Les Nations unies: compilation<\/strong><\/p>\n<p>[\/et_pb_text][et_pb_text _builder_version=\u00a0\u00bb4.27.0&Prime; _module_preset=\u00a0\u00bbdefault\u00a0\u00bb text_text_color=\u00a0\u00bb#000247&Prime; global_colors_info=\u00a0\u00bb{}\u00a0\u00bb]<\/p>\n<p><em>L\u2019une des t\u00e2ches les plus importante (<\/em>de Maitreya)<em> sera de mener \u00e0 bien l\u2019int\u00e9gration de l\u2019humanit\u00e9 gr\u00e2ce aux \u00e9nergies de l\u2019Avatar de synth\u00e8se (<\/em>qui adombre Maitreya<em>) et celle du verseau, notamment en <strong>galvanisant l\u2019assembl\u00e9e des Nations unis, afin d\u2019unifier le monde et de lui donner le sens de sa globalit\u00e9<\/strong> (\u2026) <a href=\"https:\/\/maitreya-synth\u00e8se-des-enseignements.com\/index.php\/2026\/03\/01\/les-nation-unies\/\">Lire<\/a><\/em><\/p>\n<p>[\/et_pb_text][\/et_pb_column][\/et_pb_row][\/et_pb_section]<\/p>\n","protected":false},"excerpt":{"rendered":"<p>MaitreyaJe suis venu enseigner l&rsquo;Art de la r\u00e9alisation du SoiIl ne s&rsquo;agit ni d&rsquo;une id\u00e9ologie ni d&rsquo;une religion, j&rsquo;appartiens \u00e0 tous Un enseignement \u00e0 deux niveaux. L\u2019enseignement de Maitreya est \u00e0 deux niveaux, le premier concerne notre relation avec le Soi, avec Dieu et le deuxi\u00e8me concerne la nature physique de l\u2019homme, les n\u00e9cessit\u00e9s de [&hellip;]<\/p>\n","protected":false},"author":1,"featured_media":0,"parent":0,"menu_order":0,"comment_status":"closed","ping_status":"closed","template":"","meta":{"_et_pb_use_builder":"on","_et_pb_old_content":"","_et_gb_content_width":"","footnotes":""},"class_list":["post-39","page","type-page","status-publish","hentry"],"_links":{"self":[{"href":"https:\/\/xn--maitreya-synthse-des-enseignements-o8c.com\/index.php\/wp-json\/wp\/v2\/pages\/39","targetHints":{"allow":["GET"]}}],"collection":[{"href":"https:\/\/xn--maitreya-synthse-des-enseignements-o8c.com\/index.php\/wp-json\/wp\/v2\/pages"}],"about":[{"href":"https:\/\/xn--maitreya-synthse-des-enseignements-o8c.com\/index.php\/wp-json\/wp\/v2\/types\/page"}],"author":[{"embeddable":true,"href":"https:\/\/xn--maitreya-synthse-des-enseignements-o8c.com\/index.php\/wp-json\/wp\/v2\/users\/1"}],"replies":[{"embeddable":true,"href":"https:\/\/xn--maitreya-synthse-des-enseignements-o8c.com\/index.php\/wp-json\/wp\/v2\/comments?post=39"}],"version-history":[{"count":190,"href":"https:\/\/xn--maitreya-synthse-des-enseignements-o8c.com\/index.php\/wp-json\/wp\/v2\/pages\/39\/revisions"}],"predecessor-version":[{"id":657,"href":"https:\/\/xn--maitreya-synthse-des-enseignements-o8c.com\/index.php\/wp-json\/wp\/v2\/pages\/39\/revisions\/657"}],"wp:attachment":[{"href":"https:\/\/xn--maitreya-synthse-des-enseignements-o8c.com\/index.php\/wp-json\/wp\/v2\/media?parent=39"}],"curies":[{"name":"wp","href":"https:\/\/api.w.org\/{rel}","templated":true}]}}